{"id":58,"date":"2020-10-21T15:13:04","date_gmt":"2020-10-21T13:13:04","guid":{"rendered":"http:\/\/www.psychotherapie-lawatsch.at\/?page_id=58"},"modified":"2025-06-16T08:40:29","modified_gmt":"2025-06-16T06:40:29","slug":"verhaltenstherapie","status":"publish","type":"page","link":"https:\/\/www.psychotherapie-lawatsch.at\/?page_id=58","title":{"rendered":"Psychotherapie"},"content":{"rendered":"\n<h2 class=\"wp-block-heading\">Verhaltenstherapie<\/h2>\n\n\n\n<p>Verhaltenstherapie ist eine Form von Psychotherapie, mit der verschiedenste Probleme wie \u00c4ngste, Depressionen, S\u00fcchte o.\u00e4. behandelt werden. Im Gegensatz zu anderen Psychotherapie-Richtungen legt eine Verhaltenstherapie den Fokus nicht prim\u00e4r auf die Vergangenheit der Klient:innen, sondern strebt vorrangig danach, ihr aktuelles Verhalten und ihre Einstellungen zu beleuchten, um sie bei einer positiven Ver\u00e4nderung zu unterst\u00fctzen.<\/p>\n\n\n\n<p>Die Therapie wird jeweils individuell angepasst, die Klient:innen bei jedem Schritt aktiv und transparent eingebunden. Durch das Einbeziehen von neuen Erkenntnissen aus Psychologie, Medizin, Soziologie und anderen Wissenschaftsrichtungen entwickelt sich die Verhaltenstherapie stetig weiter.<\/p>\n\n\n\n<p class=\"has-small-font-size\">Quelle: <a href=\"https:\/\/www.oegvt.at\/verhaltenstherapie\/\" target=\"_blank\" rel=\"noreferrer noopener\">\u00d6GVT<\/a><\/p>\n\n\n\n<p><\/p>\n\n\n\n<h2 class=\"wp-block-heading\">Arbeitsschwerpunkte<\/h2>\n\n\n\n<p>Meine Arbeitsschwerpunkte liegen unter anderem in den Bereichen:<\/p>\n\n\n\n<ul class=\"wp-block-list\">\n<li>ADHS im Erwachsenenalter<\/li>\n\n\n\n<li>Autismus-Spektrum<\/li>\n\n\n\n<li>Angstst\u00f6rungen (Soziale \u00c4ngste, Phobien, Panikattacken)<\/li>\n\n\n\n<li>Trauma, Traumafolgest\u00f6rungen (PTBS, kPTBS)<\/li>\n\n\n\n<li>Affektive St\u00f6rungen (Depression, bipolare St\u00f6rung)<\/li>\n\n\n\n<li>LGBTQIA*-Themen<\/li>\n\n\n\n<li>Sexualit\u00e4t, Partnerschaft<\/li>\n\n\n\n<li>Stress, Burn-Out<\/li>\n\n\n\n<li>Polyamorie und andere nicht-monogame Beziehungsformen<\/li>\n\n\n\n<li>Kink-Aware Professional (BDSM, Fetisch)<\/li>\n\n\n\n<li>Sucht<\/li>\n\n\n\n<li>Selbsterfahrung<\/li>\n\n\n\n<li>Zwang<\/li>\n<\/ul>\n\n\n\n<p>Auch mit Problemen oder Belastungen in anderen Bereichen k\u00f6nnen Sie sich gerne an mich wenden!<\/p>\n\n\n\n<p><\/p>\n\n\n\n<h2 class=\"wp-block-heading\"><\/h2>\n","protected":false},"excerpt":{"rendered":"<p>Verhaltenstherapie Verhaltenstherapie ist eine Form von Psychotherapie, mit der verschiedenste Probleme wie \u00c4ngste, Depressionen, S\u00fcchte o.\u00e4. behandelt werden. Im Gegensatz zu anderen [&hellip;]<\/p>\n","protected":false},"author":1,"featured_media":0,"parent":0,"menu_order":0,"comment_status":"closed","ping_status":"closed","template":"","meta":{"footnotes":""},"class_list":["post-58","page","type-page","status-publish","hentry"],"_links":{"self":[{"href":"https:\/\/www.psychotherapie-lawatsch.at\/index.php?rest_route=\/wp\/v2\/pages\/58","targetHints":{"allow":["GET"]}}],"collection":[{"href":"https:\/\/www.psychotherapie-lawatsch.at\/index.php?rest_route=\/wp\/v2\/pages"}],"about":[{"href":"https:\/\/www.psychotherapie-lawatsch.at\/index.php?rest_route=\/wp\/v2\/types\/page"}],"author":[{"embeddable":true,"href":"https:\/\/www.psychotherapie-lawatsch.at\/index.php?rest_route=\/wp\/v2\/users\/1"}],"replies":[{"embeddable":true,"href":"https:\/\/www.psychotherapie-lawatsch.at\/index.php?rest_route=%2Fwp%2Fv2%2Fcomments&post=58"}],"version-history":[{"count":6,"href":"https:\/\/www.psychotherapie-lawatsch.at\/index.php?rest_route=\/wp\/v2\/pages\/58\/revisions"}],"predecessor-version":[{"id":314,"href":"https:\/\/www.psychotherapie-lawatsch.at\/index.php?rest_route=\/wp\/v2\/pages\/58\/revisions\/314"}],"wp:attachment":[{"href":"https:\/\/www.psychotherapie-lawatsch.at\/index.php?rest_route=%2Fwp%2Fv2%2Fmedia&parent=58"}],"curies":[{"name":"wp","href":"https:\/\/api.w.org\/{rel}","templated":true}]}}