{"id":90,"date":"2021-03-06T19:57:27","date_gmt":"2021-03-06T18:57:27","guid":{"rendered":"http:\/\/www.psychotherapie-lawatsch.at\/?page_id=90"},"modified":"2025-04-04T18:54:59","modified_gmt":"2025-04-04T16:54:59","slug":"ablauf","status":"publish","type":"page","link":"https:\/\/www.psychotherapie-lawatsch.at\/?page_id=90","title":{"rendered":"Rahmenbedingungen"},"content":{"rendered":"\n<p><\/p>\n\n\n\n<p><strong>Zielgruppe:<br><\/strong>Ich arbeite mit Erwachsenen im Einzelsetting. Nach Absprache ist es nat\u00fcrlich m\u00f6glich, auch Bezugspersonen im Rahmen eines Angeh\u00f6rigengespr\u00e4chs in die Therapiesitzung einzuladen.<\/p>\n\n\n\n<p><strong>Ablauf:<\/strong><br>Gerne k\u00f6nnen Sie mich telefonisch oder per E-Mail kontaktieren, um mir Ihr Anliegen zu schildern und einen zeitnahen Termin f\u00fcr ein unverbindliches Erstgespr\u00e4ch zu vereinbaren.<\/p>\n\n\n\n<p><strong>Therapiefrequenz:<br><\/strong>Therapiesitzungen dauern 50 Minuten und finden \u00fcblicherweise 1x pro Woche statt. Im weiteren Verlauf der Behandlung kann der Abstand zwischen den Sitzungen verl\u00e4ngert werden. Wie lange eine Therapie dauert, h\u00e4ngt von unterschiedlichen Faktoren ab und ist daher nicht zuverl\u00e4ssig vorherzusagen. <\/p>\n\n\n\n<p><strong>Honorar:<\/strong><br>Das Honorar f\u00fcr eine Einheit (50min) betr\u00e4gt \u20ac130,-. Das Erstgespr\u00e4ch ist am Ende der Stunde bar zu bezahlen, bei weiterer Zusammenarbeit sind andere Zahlungsmodalit\u00e4ten m\u00f6glich. Bei Vorliegen einer krankheitswertigen St\u00f6rung (ICD-10 Diagnose) k\u00f6nnen Sie bei Ihrer Krankenkasse einen Teilrefundierung beantragen. Zum genauen Ablauf informiere ich Sie gern im Gespr\u00e4ch. F\u00fcr Patient*innen mit deutscher Versicherung kann ich zurzeit leider keine R\u00fcckverrechnung anbieten. Meine Sozialtarifpl\u00e4tze sind aktuell belegt. <\/p>\n\n\n\n<p><strong>Absageregelung:<br><\/strong>Sollten Sie Ihren Termin nicht einhalten k\u00f6nnen, sagen Sie diesen bitte mindestens 24h davor per Mail oder SMS ab. Termine, die kurzfristiger abgesagt werden, werden mit dem vollen Honorar verrechnet. F\u00fcr einen ausgefallenen Termin erhalten Sie keinen Zuschuss von der Krankenkassa. Sollte ich einen Termin stornieren m\u00fcssen, informiere ich Sie umgehend und biete Ihnen den ehestm\u00f6glichen Ersatztermin an.<\/p>\n\n\n\n<p><\/p>\n","protected":false},"excerpt":{"rendered":"<p>Zielgruppe:Ich arbeite mit Erwachsenen im Einzelsetting. Nach Absprache ist es nat\u00fcrlich m\u00f6glich, auch Bezugspersonen im Rahmen eines Angeh\u00f6rigengespr\u00e4chs in die Therapiesitzung einzuladen. [&hellip;]<\/p>\n","protected":false},"author":1,"featured_media":0,"parent":0,"menu_order":0,"comment_status":"closed","ping_status":"closed","template":"","meta":{"footnotes":""},"class_list":["post-90","page","type-page","status-publish","hentry"],"_links":{"self":[{"href":"https:\/\/www.psychotherapie-lawatsch.at\/index.php?rest_route=\/wp\/v2\/pages\/90","targetHints":{"allow":["GET"]}}],"collection":[{"href":"https:\/\/www.psychotherapie-lawatsch.at\/index.php?rest_route=\/wp\/v2\/pages"}],"about":[{"href":"https:\/\/www.psychotherapie-lawatsch.at\/index.php?rest_route=\/wp\/v2\/types\/page"}],"author":[{"embeddable":true,"href":"https:\/\/www.psychotherapie-lawatsch.at\/index.php?rest_route=\/wp\/v2\/users\/1"}],"replies":[{"embeddable":true,"href":"https:\/\/www.psychotherapie-lawatsch.at\/index.php?rest_route=%2Fwp%2Fv2%2Fcomments&post=90"}],"version-history":[{"count":16,"href":"https:\/\/www.psychotherapie-lawatsch.at\/index.php?rest_route=\/wp\/v2\/pages\/90\/revisions"}],"predecessor-version":[{"id":310,"href":"https:\/\/www.psychotherapie-lawatsch.at\/index.php?rest_route=\/wp\/v2\/pages\/90\/revisions\/310"}],"wp:attachment":[{"href":"https:\/\/www.psychotherapie-lawatsch.at\/index.php?rest_route=%2Fwp%2Fv2%2Fmedia&parent=90"}],"curies":[{"name":"wp","href":"https:\/\/api.w.org\/{rel}","templated":true}]}}